{"id":2804,"date":"2024-04-02T13:46:20","date_gmt":"2024-04-02T11:46:20","guid":{"rendered":"https:\/\/rosenmaarschule.de\/neustart\/?page_id=2804"},"modified":"2024-09-18T06:51:57","modified_gmt":"2024-09-18T04:51:57","slug":"startseite","status":"publish","type":"page","link":"https:\/\/rosenmaarschule.de\/neustart\/","title":{"rendered":"Rosenmaarschule"},"content":{"rendered":"<h2 class=\"wp-block-heading\" style=\"margin-top: 0;\">Rosenmaarschule<\/h2>\n\n\n<h3 class=\"wp-block-heading\"> inklusiv \u2013 ganzt\u00e4gig \u2013 jahrgangsgemischt \u2013 kooperativ<\/h3>\n\n\n\n<p><strong>Ihr wollt wissen, was bei uns an der Rosenmaarschule los ist?<br>Hier erfahrt ihr die allerneusten Sachen. Also schaut mal vorbei und taucht ein.<\/strong><br><br><\/p>\n\n\n\n<h2 class=\"wp-block-heading\">Aktuelles<\/h2>\n\n\n<ul class=\"wp-block-latest-posts__list wp-block-latest-posts\"><li><div class=\"wp-block-latest-posts__featured-image alignleft\"><a href=\"https:\/\/rosenmaarschule.de\/neustart\/2026\/04\/22\/fahrradbus-aus-duennwald-ab-dem-20-10-2023\/\" aria-label=\"+++Fahrradbus aus D\u00fcnnwald+++ Termine bis zu den Sommerferien!!!\"><img loading=\"lazy\" decoding=\"async\" width=\"252\" height=\"300\" src=\"https:\/\/rosenmaarschule.de\/neustart\/wp-content\/uploads\/2023\/10\/signal-2026-04-19-230217_002-252x300.jpeg\" class=\"attachment-medium size-medium wp-post-image\" alt=\"\" style=\"\" srcset=\"https:\/\/rosenmaarschule.de\/neustart\/wp-content\/uploads\/2023\/10\/signal-2026-04-19-230217_002-252x300.jpeg 252w, https:\/\/rosenmaarschule.de\/neustart\/wp-content\/uploads\/2023\/10\/signal-2026-04-19-230217_002-768x914.jpeg 768w, https:\/\/rosenmaarschule.de\/neustart\/wp-content\/uploads\/2023\/10\/signal-2026-04-19-230217_002.jpeg 827w\" sizes=\"auto, (max-width: 252px) 100vw, 252px\" \/><\/a><\/div><a class=\"wp-block-latest-posts__post-title\" href=\"https:\/\/rosenmaarschule.de\/neustart\/2026\/04\/22\/fahrradbus-aus-duennwald-ab-dem-20-10-2023\/\">+++Fahrradbus aus D\u00fcnnwald+++ Termine bis zu den Sommerferien!!!<\/a><div class=\"wp-block-latest-posts__post-excerpt\">Hallo liebe Eltern, ab Freitag (24.04.2026) startet der Fahrradbus aus D\u00fcnnwald. Startpunkt: Odenthaler Stra\u00dfe \/ D\u00fcnnwalder Mauspfad, Parkplatz gegen\u00fcber der B\u00e4ckerei. 7.45 Uhr Start Fahrt mit, habt Spa\u00df und sagt es weiter! Lieben Gru\u00df euer Orga Team Wenn ihr n\u00e4heres erfahren wollt, k\u00f6nnt ihr \u00fcber den QR-Code der Signal-Gruppe beitreten:<\/div><\/li>\n<li><div class=\"wp-block-latest-posts__featured-image alignleft\"><a href=\"https:\/\/rosenmaarschule.de\/neustart\/2026\/03\/30\/demonstration-gegen-rassismus-am-26-03-2025\/\" aria-label=\"Demonstration gegen Rassismus am 25.03.2025\"><img loading=\"lazy\" decoding=\"async\" width=\"300\" height=\"225\" src=\"https:\/\/rosenmaarschule.de\/neustart\/wp-content\/uploads\/2026\/03\/20260325_111024-bearbeitet-300x225.jpeg\" class=\"attachment-medium size-medium wp-post-image\" alt=\"\" style=\"\" srcset=\"https:\/\/rosenmaarschule.de\/neustart\/wp-content\/uploads\/2026\/03\/20260325_111024-bearbeitet-300x225.jpeg 300w, https:\/\/rosenmaarschule.de\/neustart\/wp-content\/uploads\/2026\/03\/20260325_111024-bearbeitet.jpeg 640w\" sizes=\"auto, (max-width: 300px) 100vw, 300px\" \/><\/a><\/div><a class=\"wp-block-latest-posts__post-title\" href=\"https:\/\/rosenmaarschule.de\/neustart\/2026\/03\/30\/demonstration-gegen-rassismus-am-26-03-2025\/\">Demonstration gegen Rassismus am 25.03.2025<\/a><div class=\"wp-block-latest-posts__post-excerpt\">Kinder und erwachsene der Rosenmaarschule haben am 25.03.2026 am Demonstrationsmarsch gegen Rassismus teilgenommen. Hier bekommt ihr ein paar kleine Eindr\u00fccke: Copyright: G. Mays 2026<\/div><\/li>\n<li><div class=\"wp-block-latest-posts__featured-image alignleft\"><a href=\"https:\/\/rosenmaarschule.de\/neustart\/2026\/03\/25\/die-wdr-mausklasse-der-rosenmaarschule\/\" aria-label=\"Die WDR Mausklasse der Rosenmaarschule\"><img loading=\"lazy\" decoding=\"async\" width=\"225\" height=\"300\" src=\"https:\/\/rosenmaarschule.de\/neustart\/wp-content\/uploads\/2026\/03\/img_3054-225x300.jpg\" class=\"attachment-medium size-medium wp-post-image\" alt=\"\" style=\"\" srcset=\"https:\/\/rosenmaarschule.de\/neustart\/wp-content\/uploads\/2026\/03\/img_3054-225x300.jpg 225w, https:\/\/rosenmaarschule.de\/neustart\/wp-content\/uploads\/2026\/03\/img_3054-768x1024.jpg 768w, https:\/\/rosenmaarschule.de\/neustart\/wp-content\/uploads\/2026\/03\/img_3054-1152x1536.jpg 1152w, https:\/\/rosenmaarschule.de\/neustart\/wp-content\/uploads\/2026\/03\/img_3054.jpg 1500w\" sizes=\"auto, (max-width: 225px) 100vw, 225px\" \/><\/a><\/div><a class=\"wp-block-latest-posts__post-title\" href=\"https:\/\/rosenmaarschule.de\/neustart\/2026\/03\/25\/die-wdr-mausklasse-der-rosenmaarschule\/\">Die WDR Mausklasse der Rosenmaarschule<\/a><div class=\"wp-block-latest-posts__post-excerpt\">Das Team 11\/12 war vom 16.03. &#8211; 20.03.2026 die WDR Mausklasse. Den Radiobeitrag k\u00f6nnt ihr euch hier anh\u00f6ren: MausKlasse in K\u00f6ln &#8211; Die Seite mit der Maus &#8211; WDR Das WDR Fernsehen zus\u00e4tzlich einen Fernsehbeitrag \u00fcber das Projekt Mausklasse f\u00fcr die Lokalzeit K\u00f6ln erstellt, den ihr hier anschauen k\u00f6nnt: WDR Lokalzeit aus K\u00f6ln | 23.03.2026 &#8211; Lokalzeit aus K\u00f6ln &#8211; Sendungen A-Z &#8211; Video &#8211; Mediathek &#8211; WDR Viel Spa\u00df!!!<\/div><\/li>\n<li><div class=\"wp-block-latest-posts__featured-image alignleft\"><a href=\"https:\/\/rosenmaarschule.de\/neustart\/2026\/03\/25\/unterstuetzerbrief-an-die-verwaltung-zur-verbesserung-des-schulwegsicherheit-am-zeisbuschwegs\/\" aria-label=\"Unterst\u00fctzerbrief an die Stadtverwaltung \u2013 Verbesserung der Schulwegsicherheit am Zeisbuschweg\"><img loading=\"lazy\" decoding=\"async\" width=\"280\" height=\"300\" src=\"https:\/\/rosenmaarschule.de\/neustart\/wp-content\/uploads\/2026\/03\/Zeisbuschweg-280x300.jpg\" class=\"attachment-medium size-medium wp-post-image\" alt=\"\" style=\"\" srcset=\"https:\/\/rosenmaarschule.de\/neustart\/wp-content\/uploads\/2026\/03\/Zeisbuschweg-280x300.jpg 280w, https:\/\/rosenmaarschule.de\/neustart\/wp-content\/uploads\/2026\/03\/Zeisbuschweg-955x1024.jpg 955w, https:\/\/rosenmaarschule.de\/neustart\/wp-content\/uploads\/2026\/03\/Zeisbuschweg-768x823.jpg 768w, https:\/\/rosenmaarschule.de\/neustart\/wp-content\/uploads\/2026\/03\/Zeisbuschweg.jpg 1069w\" sizes=\"auto, (max-width: 280px) 100vw, 280px\" \/><\/a><\/div><a class=\"wp-block-latest-posts__post-title\" href=\"https:\/\/rosenmaarschule.de\/neustart\/2026\/03\/25\/unterstuetzerbrief-an-die-verwaltung-zur-verbesserung-des-schulwegsicherheit-am-zeisbuschwegs\/\">Unterst\u00fctzerbrief an die Stadtverwaltung \u2013 Verbesserung der Schulwegsicherheit am Zeisbuschweg<\/a><div class=\"wp-block-latest-posts__post-excerpt\">Liebe Eltern, in Kooperation mit der B\u00fcrgerinitiative &#8222;Sicher durch D\u00fcnnwald sind wir stetig bem\u00fcht, den Schulweg unserer Kinder so sicher wie m\u00f6glich zu gestalten. Anbei findet Ihr einen Unterst\u00fctzerbrief der Rosenmaarschule zur Verbesserung der Gehwegsituation am Zeibuschweg.Wir hoffen, dass die Verwaltung hier schnell handelt!Euer Leitungsteam der Rosenmaarschule<\/div><\/li>\n<li><div class=\"wp-block-latest-posts__featured-image alignleft\"><a href=\"https:\/\/rosenmaarschule.de\/neustart\/2026\/03\/18\/fsj-in-der-rosenmaarschule-jetzt-bewerben\/\" aria-label=\"FSJ in der Rosenmaarschule. Jetzt bewerben!\"><img loading=\"lazy\" decoding=\"async\" width=\"200\" height=\"300\" src=\"https:\/\/rosenmaarschule.de\/neustart\/wp-content\/uploads\/2026\/03\/fsj-200x300.jpeg\" class=\"attachment-medium size-medium wp-post-image\" alt=\"\" style=\"\" srcset=\"https:\/\/rosenmaarschule.de\/neustart\/wp-content\/uploads\/2026\/03\/fsj-200x300.jpeg 200w, https:\/\/rosenmaarschule.de\/neustart\/wp-content\/uploads\/2026\/03\/fsj.jpeg 511w\" sizes=\"auto, (max-width: 200px) 100vw, 200px\" \/><\/a><\/div><a class=\"wp-block-latest-posts__post-title\" href=\"https:\/\/rosenmaarschule.de\/neustart\/2026\/03\/18\/fsj-in-der-rosenmaarschule-jetzt-bewerben\/\">FSJ in der Rosenmaarschule. Jetzt bewerben!<\/a><div class=\"wp-block-latest-posts__post-excerpt\"><\/div><\/li>\n<\/ul>\n\n\n<div class=\"wp-block-buttons is-layout-flex wp-block-buttons-is-layout-flex\">\n<div class=\"wp-block-button\"><a class=\"wp-block-button__link wp-element-button\" href=\"https:\/\/rosenmaarschule.de\/neustart\/category\/aktuelles\/\">Alle Beitr\u00e4ge sehen<\/a><\/div>\n<\/div>\n\n\n\n<hr class=\"wp-block-separator has-text-color has-blue-color has-alpha-channel-opacity has-blue-background-color has-background is-style-wide\" id=\"Eltern\"\/>\n\n\n\n<h2 class=\"wp-block-heading\">F\u00fcr Eltern<\/h2>\n\n\n<ul class=\"wp-block-latest-posts__list wp-block-latest-posts\"><li><div class=\"wp-block-latest-posts__featured-image alignleft\"><a href=\"https:\/\/rosenmaarschule.de\/neustart\/2026\/04\/22\/fahrradbus-aus-duennwald-ab-dem-20-10-2023\/\" aria-label=\"+++Fahrradbus aus D\u00fcnnwald+++ Termine bis zu den Sommerferien!!!\"><img loading=\"lazy\" decoding=\"async\" width=\"640\" height=\"761\" src=\"https:\/\/rosenmaarschule.de\/neustart\/wp-content\/uploads\/2023\/10\/signal-2026-04-19-230217_002.jpeg\" class=\"attachment-large size-large wp-post-image\" alt=\"\" style=\"\" srcset=\"https:\/\/rosenmaarschule.de\/neustart\/wp-content\/uploads\/2023\/10\/signal-2026-04-19-230217_002.jpeg 827w, https:\/\/rosenmaarschule.de\/neustart\/wp-content\/uploads\/2023\/10\/signal-2026-04-19-230217_002-252x300.jpeg 252w, https:\/\/rosenmaarschule.de\/neustart\/wp-content\/uploads\/2023\/10\/signal-2026-04-19-230217_002-768x914.jpeg 768w\" sizes=\"auto, (max-width: 640px) 100vw, 640px\" \/><\/a><\/div><a class=\"wp-block-latest-posts__post-title\" href=\"https:\/\/rosenmaarschule.de\/neustart\/2026\/04\/22\/fahrradbus-aus-duennwald-ab-dem-20-10-2023\/\">+++Fahrradbus aus D\u00fcnnwald+++ Termine bis zu den Sommerferien!!!<\/a><div class=\"wp-block-latest-posts__post-excerpt\">Hallo liebe Eltern, ab Freitag (24.04.2026) startet der Fahrradbus aus D\u00fcnnwald. Startpunkt: Odenthaler Stra\u00dfe \/ D\u00fcnnwalder Mauspfad, Parkplatz gegen\u00fcber der B\u00e4ckerei. 7.45 Uhr Start Fahrt mit, habt Spa\u00df und sagt es weiter! Lieben Gru\u00df euer Orga Team Wenn ihr n\u00e4heres erfahren wollt, k\u00f6nnt ihr \u00fcber den QR-Code der Signal-Gruppe beitreten:<\/div><\/li>\n<li><div class=\"wp-block-latest-posts__featured-image alignleft\"><a href=\"https:\/\/rosenmaarschule.de\/neustart\/2026\/03\/25\/die-wdr-mausklasse-der-rosenmaarschule\/\" aria-label=\"Die WDR Mausklasse der Rosenmaarschule\"><img loading=\"lazy\" decoding=\"async\" width=\"640\" height=\"853\" src=\"https:\/\/rosenmaarschule.de\/neustart\/wp-content\/uploads\/2026\/03\/img_3054-768x1024.jpg\" class=\"attachment-large size-large wp-post-image\" alt=\"\" style=\"\" srcset=\"https:\/\/rosenmaarschule.de\/neustart\/wp-content\/uploads\/2026\/03\/img_3054-768x1024.jpg 768w, https:\/\/rosenmaarschule.de\/neustart\/wp-content\/uploads\/2026\/03\/img_3054-225x300.jpg 225w, https:\/\/rosenmaarschule.de\/neustart\/wp-content\/uploads\/2026\/03\/img_3054-1152x1536.jpg 1152w, https:\/\/rosenmaarschule.de\/neustart\/wp-content\/uploads\/2026\/03\/img_3054.jpg 1500w\" sizes=\"auto, (max-width: 640px) 100vw, 640px\" \/><\/a><\/div><a class=\"wp-block-latest-posts__post-title\" href=\"https:\/\/rosenmaarschule.de\/neustart\/2026\/03\/25\/die-wdr-mausklasse-der-rosenmaarschule\/\">Die WDR Mausklasse der Rosenmaarschule<\/a><div class=\"wp-block-latest-posts__post-excerpt\">Das Team 11\/12 war vom 16.03. &#8211; 20.03.2026 die WDR Mausklasse. Den Radiobeitrag k\u00f6nnt ihr euch hier anh\u00f6ren: MausKlasse in K\u00f6ln &#8211; Die Seite mit der Maus &#8211; WDR Das WDR Fernsehen zus\u00e4tzlich einen Fernsehbeitrag \u00fcber das Projekt Mausklasse f\u00fcr die Lokalzeit K\u00f6ln erstellt, den ihr hier anschauen k\u00f6nnt: WDR Lokalzeit aus K\u00f6ln | 23.03.2026 &#8211; Lokalzeit aus K\u00f6ln &#8211; Sendungen A-Z &#8211; Video &#8211; Mediathek &#8211; WDR Viel Spa\u00df!!!<\/div><\/li>\n<li><div class=\"wp-block-latest-posts__featured-image alignleft\"><a href=\"https:\/\/rosenmaarschule.de\/neustart\/2026\/03\/25\/unterstuetzerbrief-an-die-verwaltung-zur-verbesserung-des-schulwegsicherheit-am-zeisbuschwegs\/\" aria-label=\"Unterst\u00fctzerbrief an die Stadtverwaltung \u2013 Verbesserung der Schulwegsicherheit am Zeisbuschweg\"><img loading=\"lazy\" decoding=\"async\" width=\"640\" height=\"686\" src=\"https:\/\/rosenmaarschule.de\/neustart\/wp-content\/uploads\/2026\/03\/Zeisbuschweg-955x1024.jpg\" class=\"attachment-large size-large wp-post-image\" alt=\"\" style=\"\" srcset=\"https:\/\/rosenmaarschule.de\/neustart\/wp-content\/uploads\/2026\/03\/Zeisbuschweg-955x1024.jpg 955w, https:\/\/rosenmaarschule.de\/neustart\/wp-content\/uploads\/2026\/03\/Zeisbuschweg-280x300.jpg 280w, https:\/\/rosenmaarschule.de\/neustart\/wp-content\/uploads\/2026\/03\/Zeisbuschweg-768x823.jpg 768w, https:\/\/rosenmaarschule.de\/neustart\/wp-content\/uploads\/2026\/03\/Zeisbuschweg.jpg 1069w\" sizes=\"auto, (max-width: 640px) 100vw, 640px\" \/><\/a><\/div><a class=\"wp-block-latest-posts__post-title\" href=\"https:\/\/rosenmaarschule.de\/neustart\/2026\/03\/25\/unterstuetzerbrief-an-die-verwaltung-zur-verbesserung-des-schulwegsicherheit-am-zeisbuschwegs\/\">Unterst\u00fctzerbrief an die Stadtverwaltung \u2013 Verbesserung der Schulwegsicherheit am Zeisbuschweg<\/a><div class=\"wp-block-latest-posts__post-excerpt\">Liebe Eltern, in Kooperation mit der B\u00fcrgerinitiative &#8222;Sicher durch D\u00fcnnwald sind wir stetig bem\u00fcht, den Schulweg unserer Kinder so sicher wie m\u00f6glich zu gestalten. Anbei findet Ihr einen Unterst\u00fctzerbrief der Rosenmaarschule zur Verbesserung der Gehwegsituation am Zeibuschweg.Wir hoffen, dass die Verwaltung hier schnell handelt!Euer Leitungsteam der Rosenmaarschule<\/div><\/li>\n<li><div class=\"wp-block-latest-posts__featured-image alignleft\"><a href=\"https:\/\/rosenmaarschule.de\/neustart\/2026\/03\/18\/fsj-in-der-rosenmaarschule-jetzt-bewerben\/\" aria-label=\"FSJ in der Rosenmaarschule. Jetzt bewerben!\"><img loading=\"lazy\" decoding=\"async\" width=\"511\" height=\"768\" src=\"https:\/\/rosenmaarschule.de\/neustart\/wp-content\/uploads\/2026\/03\/fsj.jpeg\" class=\"attachment-large size-large wp-post-image\" alt=\"\" style=\"\" srcset=\"https:\/\/rosenmaarschule.de\/neustart\/wp-content\/uploads\/2026\/03\/fsj.jpeg 511w, https:\/\/rosenmaarschule.de\/neustart\/wp-content\/uploads\/2026\/03\/fsj-200x300.jpeg 200w\" sizes=\"auto, (max-width: 511px) 100vw, 511px\" \/><\/a><\/div><a class=\"wp-block-latest-posts__post-title\" href=\"https:\/\/rosenmaarschule.de\/neustart\/2026\/03\/18\/fsj-in-der-rosenmaarschule-jetzt-bewerben\/\">FSJ in der Rosenmaarschule. Jetzt bewerben!<\/a><div class=\"wp-block-latest-posts__post-excerpt\"><\/div><\/li>\n<li><div class=\"wp-block-latest-posts__featured-image alignleft\"><a href=\"https:\/\/rosenmaarschule.de\/neustart\/2025\/12\/11\/impressionen-und-highlights-aus-der-arbeit-des-foerdervereins\/\" aria-label=\"Impressionen und Highlights aus der Arbeit des F\u00f6rdervereins\"><img loading=\"lazy\" decoding=\"async\" width=\"597\" height=\"1024\" src=\"https:\/\/rosenmaarschule.de\/neustart\/wp-content\/uploads\/2025\/12\/photo-2025-11-24-18-52-17-1-597x1024.jpg\" class=\"attachment-large size-large wp-post-image\" alt=\"\" style=\"\" srcset=\"https:\/\/rosenmaarschule.de\/neustart\/wp-content\/uploads\/2025\/12\/photo-2025-11-24-18-52-17-1-597x1024.jpg 597w, https:\/\/rosenmaarschule.de\/neustart\/wp-content\/uploads\/2025\/12\/photo-2025-11-24-18-52-17-1-175x300.jpg 175w, https:\/\/rosenmaarschule.de\/neustart\/wp-content\/uploads\/2025\/12\/photo-2025-11-24-18-52-17-1-768x1317.jpg 768w, https:\/\/rosenmaarschule.de\/neustart\/wp-content\/uploads\/2025\/12\/photo-2025-11-24-18-52-17-1.jpg 846w\" sizes=\"auto, (max-width: 597px) 100vw, 597px\" \/><\/a><\/div><a class=\"wp-block-latest-posts__post-title\" href=\"https:\/\/rosenmaarschule.de\/neustart\/2025\/12\/11\/impressionen-und-highlights-aus-der-arbeit-des-foerdervereins\/\">Impressionen und Highlights aus der Arbeit des F\u00f6rdervereins<\/a><div class=\"wp-block-latest-posts__post-excerpt\">Impressionen und Highlights aus der Arbeit des F\u00f6rdervereins<\/div><\/li>\n<\/ul>\n\n\n<div class=\"wp-block-buttons is-layout-flex wp-block-buttons-is-layout-flex\">\n<div class=\"wp-block-button\"><a class=\"wp-block-button__link wp-element-button\" href=\"https:\/\/rosenmaarschule.de\/neustart\/category\/eltern\/\">Alle Beitr\u00e4ge sehen<\/a><\/div>\n<\/div>\n\n\n\n<p><\/p>\n\n\n\n<hr class=\"wp-block-separator has-text-color has-blue-color has-alpha-channel-opacity has-blue-background-color has-background is-style-wide\" id=\"Schule\"\/>\n\n\n\n<h2 class=\"wp-block-heading\">Unsere Schule<\/h2>\n\n\n<ul class=\"wp-block-latest-posts__list wp-block-latest-posts\"><li><div class=\"wp-block-latest-posts__featured-image alignleft\"><a href=\"https:\/\/rosenmaarschule.de\/neustart\/2025\/04\/22\/schulverbund-blick-ueber-den-zaun\/\" aria-label=\"Schulverbund &#8222;Blick \u00fcber den Zaun&#8220;\"><img loading=\"lazy\" decoding=\"async\" width=\"640\" height=\"263\" src=\"https:\/\/rosenmaarschule.de\/neustart\/wp-content\/uploads\/2025\/04\/buez.logo_grau.356dpi-1-1024x421.jpg\" class=\"attachment-large size-large wp-post-image\" alt=\"\" style=\"max-width:512px;max-height:512px;\" srcset=\"https:\/\/rosenmaarschule.de\/neustart\/wp-content\/uploads\/2025\/04\/buez.logo_grau.356dpi-1-1024x421.jpg 1024w, https:\/\/rosenmaarschule.de\/neustart\/wp-content\/uploads\/2025\/04\/buez.logo_grau.356dpi-1-300x123.jpg 300w, https:\/\/rosenmaarschule.de\/neustart\/wp-content\/uploads\/2025\/04\/buez.logo_grau.356dpi-1-768x316.jpg 768w, https:\/\/rosenmaarschule.de\/neustart\/wp-content\/uploads\/2025\/04\/buez.logo_grau.356dpi-1-1536x632.jpg 1536w, https:\/\/rosenmaarschule.de\/neustart\/wp-content\/uploads\/2025\/04\/buez.logo_grau.356dpi-1-2048x842.jpg 2048w\" sizes=\"auto, (max-width: 640px) 100vw, 640px\" \/><\/a><\/div><a class=\"wp-block-latest-posts__post-title\" href=\"https:\/\/rosenmaarschule.de\/neustart\/2025\/04\/22\/schulverbund-blick-ueber-den-zaun\/\">Schulverbund &#8222;Blick \u00fcber den Zaun&#8220;<\/a><div class=\"wp-block-latest-posts__post-excerpt\">Die Rosenmaarschule ist seit vielen Jahren festes Mitglied des Schulverbundes &#8222;Blick \u00fcber den Zaun&#8220; (B\u00dcZ). Dabei handelt es sich um einen bundesweiten zusammenschluss reformp\u00e4dagogisch orientierter Schulen, die sich in regelm\u00e4\u00dfigen Abst\u00e4nden austauschen und gegenseitig besuchen. Die Rosenmaarschule hat im kommenden Schuljahr (2025_26) auch die Ehre von Kolleg:innen aus dem Schulverbund besucht und beraten zu werden. Dazu wird es zeitnah weitere Infos geben.Hier nun gibt es erst einmal die M\u00f6glichkeit sich grunds\u00e4tzlich \u00fcber den Verbund zu informieren (siehe Anhang).<\/div><\/li>\n<li><div class=\"wp-block-latest-posts__featured-image alignleft\"><a href=\"https:\/\/rosenmaarschule.de\/neustart\/2024\/09\/02\/die-rosenmaarschule-ist-poolschule-fuer-schulbegleiterinnen\/\" aria-label=\"Die Rosenmaarschule ist &#8222;Poolschule&#8220; f\u00fcr Schulbegleiter:innen.\"><img loading=\"lazy\" decoding=\"async\" width=\"619\" height=\"412\" src=\"https:\/\/rosenmaarschule.de\/neustart\/wp-content\/uploads\/2020\/03\/4327BBE6-880A-4FF9-9DEA-D6B8B5ADB497.jpg\" class=\"attachment-large size-large wp-post-image\" alt=\"\" style=\"max-width:512px;max-height:512px;\" srcset=\"https:\/\/rosenmaarschule.de\/neustart\/wp-content\/uploads\/2020\/03\/4327BBE6-880A-4FF9-9DEA-D6B8B5ADB497.jpg 619w, https:\/\/rosenmaarschule.de\/neustart\/wp-content\/uploads\/2020\/03\/4327BBE6-880A-4FF9-9DEA-D6B8B5ADB497-300x200.jpg 300w\" sizes=\"auto, (max-width: 619px) 100vw, 619px\" \/><\/a><\/div><a class=\"wp-block-latest-posts__post-title\" href=\"https:\/\/rosenmaarschule.de\/neustart\/2024\/09\/02\/die-rosenmaarschule-ist-poolschule-fuer-schulbegleiterinnen\/\">Die Rosenmaarschule ist &#8222;Poolschule&#8220; f\u00fcr Schulbegleiter:innen.<\/a><div class=\"wp-block-latest-posts__post-excerpt\">Seit dem 02.09.2024 ist die Rosenmaarschule in das Konzept des Pool-Modells f\u00fcr Integrationsbegleiter:innen (IBs) eingestiegen. Damit haben wir auch ein Koordinatorenstelle, die ab sofort Anika Benson \u00fcbernimmt. B\u00fcrozeiten: Montag &#8211; Freitag von 07:30 Uhr bis 15:30 Uhr Raum: B 103a, 1. Etage Telefon: +49 (0)173 &#8211; 653 20 77E-Mail: anika.benson@netzwerk.koeln<\/div><\/li>\n<li><div class=\"wp-block-latest-posts__featured-image alignleft\"><a href=\"https:\/\/rosenmaarschule.de\/neustart\/2018\/10\/08\/unser-schulgelaende\/\" aria-label=\"Tiere und Neubau\"><img loading=\"lazy\" decoding=\"async\" width=\"640\" height=\"427\" src=\"https:\/\/rosenmaarschule.de\/neustart\/wp-content\/uploads\/2018\/10\/TWF5738-1-1024x683.jpg\" class=\"attachment-large size-large wp-post-image\" alt=\"Unser Schaftsall und der Neubau\" style=\"max-width:512px;max-height:512px;\" srcset=\"https:\/\/rosenmaarschule.de\/neustart\/wp-content\/uploads\/2018\/10\/TWF5738-1-1024x683.jpg 1024w, https:\/\/rosenmaarschule.de\/neustart\/wp-content\/uploads\/2018\/10\/TWF5738-1-300x200.jpg 300w, https:\/\/rosenmaarschule.de\/neustart\/wp-content\/uploads\/2018\/10\/TWF5738-1-768x512.jpg 768w, https:\/\/rosenmaarschule.de\/neustart\/wp-content\/uploads\/2018\/10\/TWF5738-1.jpg 1530w\" sizes=\"auto, (max-width: 640px) 100vw, 640px\" \/><\/a><\/div><a class=\"wp-block-latest-posts__post-title\" href=\"https:\/\/rosenmaarschule.de\/neustart\/2018\/10\/08\/unser-schulgelaende\/\">Tiere und Neubau<\/a><div class=\"wp-block-latest-posts__post-excerpt\"><\/div><\/li>\n<li><a class=\"wp-block-latest-posts__post-title\" href=\"https:\/\/rosenmaarschule.de\/neustart\/2018\/10\/08\/schuelerrunde\/\">Sch\u00fclerrunde<\/a><div class=\"wp-block-latest-posts__post-excerpt\">In der Sch\u00fclerrunde beteiligen sich die Sch\u00fcler*innen aktiv an der Gestaltung des Schullebens. Sie lernen Verantwortung f\u00fcr sich und andere zu \u00fcbernehmen und sind beteiligt an Entscheidungen, die den Alltag in der Schule betreffen. Dadurch lassen sich nicht nur die sozialen und demokratischen Kompetenzen f\u00f6rdern, sondern wird f\u00fcr die Sch\u00fcler*innen auch ein Feld zur Mitbestimmung geschaffen.\u00a0 Die Sch\u00fclerrunde ist durch die Teilnahme der Erwachsenen mit den Gremien der Lehrer*innen und Erzieher*inner vernetzt. Die Vertreter der Stammgruppen berichten ihren Klassenkameraden w\u00f6chentlich von den Themen aus der Sch\u00fclerrunde. Die Sch\u00fclerrunde setzt sich zusammen aus: den gew\u00e4hlten Sprechern der einzelnen Stammgruppen einer Lehrerin und eines Erziehers. Es werden die Interessen und Anliegen der Kinder besprochen: W\u00fcnsche bez\u00fcglich der Gestaltung des Schulhofes, z.B. Spielger\u00e4te die Aufstellung von Regeln\u00a0 der Umgang mit Regelverst\u00f6\u00dfen Besprechung von Problemen im Schulalltag und W\u00fcnsche zur Ver\u00e4nderung.\u00a0 Vor allem aber werden Projekte vorbereitet und die einzelnen Aufgaben f\u00fcr die Durchf\u00fchrung [&hellip;]<\/div><\/li>\n<li><a class=\"wp-block-latest-posts__post-title\" href=\"https:\/\/rosenmaarschule.de\/neustart\/2018\/10\/08\/umweltbewusstes-handeln\/\">Umweltbewusstes Handeln<\/a><div class=\"wp-block-latest-posts__post-excerpt\">Vor dem Hintergrund t\u00e4glich fortschreitender Zerst\u00f6rung unserer Lebensgrundlagen bei gleichzeitig zunehmender Isolierung von der nat\u00fcrlichen Umwelt gewinnt die \u00f6kologische Erziehung eine besondere Bedeutung. Dabei kann es nicht nur darum gehen, Umwelt ausschnittweise im Unterricht zu \u201ebehandeln\u201c und entsprechende Erkenntnisse und Kenntnisse sachlogisch zu vermitteln. Begreifen hat etwas mit Anfassen zu tun. Deshalb muss die handelnde Auseinandersetzung mit Dingen und Sachverhalten im Vordergrund stehen. Dies geschieht an folgenden Pl\u00e4tzen der Schule Schulgarten (Sch\u00fcler*innen k\u00f6nnen pflanzen, pflegen, beobachten, ernten und genie\u00dfen, was sie selber angebaut haben) Schafstall (Sch\u00fcler*innen pflegen, versorgen, beobachten, streicheln die Schafe und erfahren, dass L\u00e4mmer zur Schlachtung weggegeben werden. Sie beobachten das Scheren der Schafe und lernen wie Wolle hergestellt wird) H\u00fchnerstall (Sch\u00fcler*innen erleben den Weg vom Ei zum Huhn, sie pflegen und versorgen die H\u00fchner, sammeln die Eier) Kletterb\u00e4ume (auf dem Schulhof finden die Sch\u00fcler*innen zahlreiche Kletterb\u00e4ume; gleichzeitig gilt aber die Regel der Achtung der Natur, d.h. sie [&hellip;]<\/div><\/li>\n<\/ul>\n\n\n<div class=\"wp-block-buttons is-layout-flex wp-block-buttons-is-layout-flex\">\n<div class=\"wp-block-button\"><a class=\"wp-block-button__link wp-element-button\" href=\"https:\/\/rosenmaarschule.de\/neustart\/category\/schule\/\">Alle Beitr\u00e4ge sehen<\/a><\/div>\n<\/div>\n","protected":false},"excerpt":{"rendered":"<p>Rosenmaarschule inklusiv \u2013 ganzt\u00e4gig \u2013 jahrgangsgemischt \u2013 kooperativ Ihr wollt wissen, was bei uns an der Rosenmaarschule los ist?Hier erfahrt ihr die allerneusten Sachen. Also schaut mal vorbei und taucht ein. Aktuelles F\u00fcr Eltern Unsere Schule<\/p>\n","protected":false},"author":4,"featured_media":0,"parent":0,"menu_order":0,"comment_status":"closed","ping_status":"closed","template":"","meta":{"footnotes":""},"class_list":["post-2804","page","type-page","status-publish","hentry"],"publishpress_future_action":{"enabled":false,"date":"2026-04-30 12:51:49","action":"change-status","newStatus":"draft","terms":[],"taxonomy":"","extraData":[]},"publishpress_future_workflow_manual_trigger":{"enabledWorkflows":[]},"_links":{"self":[{"href":"https:\/\/rosenmaarschule.de\/neustart\/wp-json\/wp\/v2\/pages\/2804","targetHints":{"allow":["GET"]}}],"collection":[{"href":"https:\/\/rosenmaarschule.de\/neustart\/wp-json\/wp\/v2\/pages"}],"about":[{"href":"https:\/\/rosenmaarschule.de\/neustart\/wp-json\/wp\/v2\/types\/page"}],"author":[{"embeddable":true,"href":"https:\/\/rosenmaarschule.de\/neustart\/wp-json\/wp\/v2\/users\/4"}],"replies":[{"embeddable":true,"href":"https:\/\/rosenmaarschule.de\/neustart\/wp-json\/wp\/v2\/comments?post=2804"}],"version-history":[{"count":63,"href":"https:\/\/rosenmaarschule.de\/neustart\/wp-json\/wp\/v2\/pages\/2804\/revisions"}],"predecessor-version":[{"id":4576,"href":"https:\/\/rosenmaarschule.de\/neustart\/wp-json\/wp\/v2\/pages\/2804\/revisions\/4576"}],"wp:attachment":[{"href":"https:\/\/rosenmaarschule.de\/neustart\/wp-json\/wp\/v2\/media?parent=2804"}],"curies":[{"name":"wp","href":"https:\/\/api.w.org\/{rel}","templated":true}]}}